{"id":7351,"date":"2021-05-08T17:28:43","date_gmt":"2021-05-08T20:28:43","guid":{"rendered":"https:\/\/casainfancia.com.br\/pediatria\/?page_id=7351"},"modified":"2025-01-15T11:07:16","modified_gmt":"2025-01-15T14:07:16","slug":"pediatras","status":"publish","type":"page","link":"https:\/\/casainfancia.com.br\/pediatria\/pediatras\/","title":{"rendered":"Equipe m\u00e9dica"},"content":{"rendered":"<div class=\"fusion-fullwidth fullwidth-box fusion-builder-row-1 fusion-flex-container has-pattern-background has-mask-background hundred-percent-fullwidth non-hundred-percent-height-scrolling\" style=\"--awb-background-position:left top;--awb-border-sizes-top:1px;--awb-border-sizes-bottom:1px;--awb-border-sizes-left:0px;--awb-border-sizes-right:0px;--awb-border-color:#e2e2e2;--awb-border-radius-top-left:0px;--awb-border-radius-top-right:0px;--awb-border-radius-bottom-right:0px;--awb-border-radius-bottom-left:0px;--awb-padding-top:50px;--awb-padding-bottom:50px;--awb-padding-top-medium:80px;--awb-padding-bottom-medium:80px;--awb-background-color:#ffffff;--awb-flex-wrap:wrap;\" ><div class=\"fusion-builder-row fusion-row fusion-flex-align-items-flex-start fusion-flex-justify-content-center fusion-flex-content-wrap\" style=\"width:104% !important;max-width:104% !important;margin-left: calc(-4% \/ 2 );margin-right: calc(-4% \/ 2 );\"><div class=\"fusion-layout-column fusion_builder_column fusion-builder-column-0 fusion_builder_column_1_4 1_4 fusion-flex-column\" style=\"--awb-padding-top:20px;--awb-padding-right:20px;--awb-padding-bottom:20px;--awb-padding-left:20px;--awb-bg-color:#ffffff;--awb-bg-color-hover:#ffffff;--awb-bg-size:cover;--awb-border-color:#e2e2e2;--awb-border-top:1px;--awb-border-right:1px;--awb-border-bottom:1px;--awb-border-left:1px;--awb-border-style:solid;--awb-width-large:25%;--awb-margin-top-large:0px;--awb-spacing-right-large:3.84%;--awb-margin-bottom-large:40px;--awb-spacing-left-large:3.84%;--awb-width-medium:50%;--awb-order-medium:0;--awb-spacing-right-medium:1.92%;--awb-spacing-left-medium:1.92%;--awb-width-small:100%;--awb-order-small:0;--awb-spacing-right-small:0.96%;--awb-spacing-left-small:0.96%;\"><div class=\"fusion-column-wrapper fusion-column-has-shadow fusion-flex-justify-content-flex-start fusion-content-layout-column\"><div class=\"fusion-image-element \" style=\"--awb-caption-title-font-family:var(--h2_typography-font-family);--awb-caption-title-font-weight:var(--h2_typography-font-weight);--awb-caption-title-font-style:var(--h2_typography-font-style);--awb-caption-title-size:var(--h2_typography-font-size);--awb-caption-title-transform:var(--h2_typography-text-transform);--awb-caption-title-line-height:var(--h2_typography-line-height);--awb-caption-title-letter-spacing:var(--h2_typography-letter-spacing);\"><span class=\" fusion-imageframe imageframe-none imageframe-1 hover-type-zoomin\" style=\"border-radius:2px;\"><img width=\"536\" height=\"388\" alt=\"Dra Carla Ferreira | Pediatra e Neonatologista\" title=\"Dra_Carla_Pediatra_Foto\" src=\"https:\/\/casainfancia.com.br\/pediatria\/wp-content\/uploads\/2025\/01\/Dra_Carla_Pediatra_Foto.jpg\" data-orig-src=\"https:\/\/casainfancia.com.br\/pediatria\/wp-content\/uploads\/2025\/01\/Dra_Carla_Pediatra_Foto.jpg\" class=\"lazyload img-responsive wp-image-89125\" srcset=\"data:image\/svg+xml,%3Csvg%20xmlns%3D%27http%3A%2F%2Fwww.w3.org%2F2000%2Fsvg%27%20width%3D%27536%27%20height%3D%27388%27%20viewBox%3D%270%200%20536%20388%27%3E%3Crect%20width%3D%27536%27%20height%3D%27388%27%20fill-opacity%3D%220%22%2F%3E%3C%2Fsvg%3E\" data-srcset=\"https:\/\/casainfancia.com.br\/pediatria\/wp-content\/uploads\/2025\/01\/Dra_Carla_Pediatra_Foto-200x145.jpg 200w, https:\/\/casainfancia.com.br\/pediatria\/wp-content\/uploads\/2025\/01\/Dra_Carla_Pediatra_Foto-400x290.jpg 400w, https:\/\/casainfancia.com.br\/pediatria\/wp-content\/uploads\/2025\/01\/Dra_Carla_Pediatra_Foto.jpg 536w\" data-sizes=\"auto\" data-orig-sizes=\"(max-width: 1024px) 100vw, (max-width: 640px) 100vw, 400px\" \/><\/span><\/div><div class=\"fusion-title title fusion-title-1 fusion-sep-none fusion-title-text fusion-title-size-three\" style=\"--awb-margin-top:15px;--awb-margin-bottom:5px;--awb-margin-top-small:20px;--awb-margin-right-small:0px;--awb-margin-bottom-small:10px;--awb-margin-left-small:0px;\"><h3 class=\"fusion-title-heading title-heading-left fusion-responsive-typography-calculated\" style=\"margin:0;--fontSize:22;--minFontSize:22;line-height:2.2;\">DRA CARLA FERREIRA<\/h3><\/div><div class=\"fusion-title title fusion-title-2 fusion-sep-none fusion-title-text fusion-title-size-five\" style=\"--awb-text-color:#549f97;--awb-margin-bottom:10px;--awb-margin-top-small:0px;--awb-margin-right-small:0px;--awb-margin-bottom-small:10px;--awb-margin-left-small:0px;\"><h5 class=\"fusion-title-heading title-heading-left fusion-responsive-typography-calculated\" style=\"margin:0;--fontSize:16;--minFontSize:16;line-height:2;\"><strong>PEDIATRA E NEONATOLOGISTA<\/strong><br \/>\n<small>CRM 113.628<\/small><\/h5><\/div><div class=\"fusion-text fusion-text-1\"><p>Sou uma orgulhosa m\u00e3e de 2 e tenho a sorte de ser pediatra de muitos!<\/p>\n<p>Tenho mais de 20 anos de experi\u00eancia em consult\u00f3rio e hospitais. Acredito que o crescimento e desenvolvimento infantil deve ser observado considerando os aspectos individuais que envolvem cada crian\u00e7a. Al\u00e9m do atendimento na Casa Inf\u00e2ncia atuo na Unidade de Terapia Intensiva Neonatal do Hospital e Maternidade S\u00e3o Luiz do Itaim.<\/p>\n<p>Realizo tamb\u00e9m, conforme necessidade ou desejo de futuras m\u00e3es, atendimento particular ao rec\u00e9m nascido j\u00e1 na maternidade: recep\u00e7\u00e3o em sala de parto, inicia\u00e7\u00e3o \u00e0 amamenta\u00e7\u00e3o e seguimento na maternidade at\u00e9 a alta hospitalar.<\/p>\n<p>Possuo o T\u00edtulo de Especialista em Pediatria e Neonatologia pela Sociedade Brasileira de Pediatria. Sou graduada em Medicina pela Pontif\u00edcia Universidade Cat\u00f3lica de Campinas (PUC), com Resid\u00eancia M\u00e9dica em Pediatria e em Neonatologia pela Irmandade Santa Casa de Miseric\u00f3rdia de S\u00e3o Paulo (Santa Casa SP).<\/p>\n<\/div><div class=\"fusion-social-links fusion-social-links-1\" style=\"--awb-margin-top:0px;--awb-margin-right:0px;--awb-margin-bottom:0px;--awb-margin-left:0px;--awb-box-border-top:0px;--awb-box-border-right:0px;--awb-box-border-bottom:0px;--awb-box-border-left:0px;--awb-icon-colors-hover:rgba(190,189,189,0.8);--awb-box-colors-hover:rgba(232,232,232,0.8);--awb-box-border-color:var(--awb-color3);--awb-box-border-color-hover:var(--awb-color4);\"><div class=\"fusion-social-networks boxed-icons color-type-brand\"><div class=\"fusion-social-networks-wrapper\"><a class=\"fusion-social-network-icon fusion-tooltip fusion-instagram awb-icon-instagram\" style=\"color:#ffffff;font-size:16px;width:16px;background-color:#c13584;border-color:#c13584;border-radius:4px;\" data-placement=\"top\" data-title=\"Instagram\" data-toggle=\"tooltip\" title=\"Instagram\" aria-label=\"instagram\" target=\"_blank\" rel=\"noopener noreferrer\" href=\"https:\/\/www.instagram.com\/doutoracarla\/\"><\/a><a class=\"fusion-social-network-icon fusion-tooltip fusion-linkedin awb-icon-linkedin\" style=\"color:#ffffff;font-size:16px;width:16px;background-color:#0077b5;border-color:#0077b5;border-radius:4px;\" data-placement=\"top\" data-title=\"LinkedIn\" data-toggle=\"tooltip\" title=\"LinkedIn\" aria-label=\"linkedin\" target=\"_blank\" rel=\"noopener noreferrer\" href=\"https:\/\/www.linkedin.com\/in\/dra-carla-ferreira-9870aab1\"><\/a><a class=\"fusion-social-network-icon fusion-tooltip fusion-mail awb-icon-mail\" style=\"color:#ffffff;font-size:16px;width:16px;background-color:#000000;border-color:#000000;border-radius:4px;\" data-placement=\"top\" data-title=\"E-mail\" data-toggle=\"tooltip\" title=\"E-mail\" aria-label=\"mail\" target=\"_blank\" rel=\"noopener noreferrer\" href=\"mailto:&#100;ra&#099;&#097;&#114;&#108;a&#064;cas&#097;&#105;nf&#097;nc&#105;a.&#099;om.&#098;r\"><\/a><\/div><\/div><\/div><\/div><\/div><div class=\"fusion-layout-column fusion_builder_column fusion-builder-column-1 fusion_builder_column_1_4 1_4 fusion-flex-column\" style=\"--awb-padding-top:20px;--awb-padding-right:20px;--awb-padding-bottom:20px;--awb-padding-left:20px;--awb-bg-color:#ffffff;--awb-bg-color-hover:#ffffff;--awb-bg-size:cover;--awb-border-color:#e2e2e2;--awb-border-top:1px;--awb-border-right:1px;--awb-border-bottom:1px;--awb-border-left:1px;--awb-border-style:solid;--awb-width-large:25%;--awb-margin-top-large:0px;--awb-spacing-right-large:3.84%;--awb-margin-bottom-large:40px;--awb-spacing-left-large:3.84%;--awb-width-medium:50%;--awb-order-medium:0;--awb-spacing-right-medium:1.92%;--awb-spacing-left-medium:1.92%;--awb-width-small:100%;--awb-order-small:0;--awb-spacing-right-small:0.96%;--awb-spacing-left-small:0.96%;\"><div class=\"fusion-column-wrapper fusion-column-has-shadow fusion-flex-justify-content-flex-start fusion-content-layout-column\"><div class=\"fusion-image-element \" style=\"--awb-caption-title-font-family:var(--h2_typography-font-family);--awb-caption-title-font-weight:var(--h2_typography-font-weight);--awb-caption-title-font-style:var(--h2_typography-font-style);--awb-caption-title-size:var(--h2_typography-font-size);--awb-caption-title-transform:var(--h2_typography-text-transform);--awb-caption-title-line-height:var(--h2_typography-line-height);--awb-caption-title-letter-spacing:var(--h2_typography-letter-spacing);\"><span class=\" fusion-imageframe imageframe-none imageframe-2 hover-type-zoomin\" style=\"border-radius:2px;\"><img width=\"536\" height=\"388\" alt=\"Dra Carla Ferreira | Pediatra e Neonatologista\" title=\"Carlos_Sutton_Foto\" src=\"https:\/\/casainfancia.com.br\/pediatria\/wp-content\/uploads\/2025\/01\/Carlos_Sutton_Foto.jpg\" data-orig-src=\"https:\/\/casainfancia.com.br\/pediatria\/wp-content\/uploads\/2025\/01\/Carlos_Sutton_Foto.jpg\" class=\"lazyload img-responsive wp-image-89121\" srcset=\"data:image\/svg+xml,%3Csvg%20xmlns%3D%27http%3A%2F%2Fwww.w3.org%2F2000%2Fsvg%27%20width%3D%27536%27%20height%3D%27388%27%20viewBox%3D%270%200%20536%20388%27%3E%3Crect%20width%3D%27536%27%20height%3D%27388%27%20fill-opacity%3D%220%22%2F%3E%3C%2Fsvg%3E\" data-srcset=\"https:\/\/casainfancia.com.br\/pediatria\/wp-content\/uploads\/2025\/01\/Carlos_Sutton_Foto-200x145.jpg 200w, https:\/\/casainfancia.com.br\/pediatria\/wp-content\/uploads\/2025\/01\/Carlos_Sutton_Foto-400x290.jpg 400w, https:\/\/casainfancia.com.br\/pediatria\/wp-content\/uploads\/2025\/01\/Carlos_Sutton_Foto.jpg 536w\" data-sizes=\"auto\" data-orig-sizes=\"(max-width: 1024px) 100vw, (max-width: 640px) 100vw, 400px\" \/><\/span><\/div><div class=\"fusion-title title fusion-title-3 fusion-sep-none fusion-title-text fusion-title-size-three\" style=\"--awb-margin-top:15px;--awb-margin-bottom:5px;--awb-margin-top-small:20px;--awb-margin-right-small:0px;--awb-margin-bottom-small:10px;--awb-margin-left-small:0px;\"><h3 class=\"fusion-title-heading title-heading-left fusion-responsive-typography-calculated\" style=\"margin:0;--fontSize:22;--minFontSize:22;line-height:2.2;\">DR CARLOS SUTTON<\/h3><\/div><div class=\"fusion-title title fusion-title-4 fusion-sep-none fusion-title-text fusion-title-size-five\" style=\"--awb-text-color:#549f97;--awb-margin-bottom:10px;--awb-margin-top-small:0px;--awb-margin-right-small:0px;--awb-margin-bottom-small:10px;--awb-margin-left-small:0px;\"><h5 class=\"fusion-title-heading title-heading-left fusion-responsive-typography-calculated\" style=\"margin:0;--fontSize:16;--minFontSize:16;line-height:2;\"><strong>ORTOPEDISTA PEDI\u00c1TRICO<\/strong><br \/>\n<small>CRM 117.019 | TEOT: 11445 | SBOP: 633<\/small><\/h5><\/div><div class=\"fusion-text fusion-text-2\" style=\"--awb-text-transform:none;\"><p>Sou m\u00e9dico especialista em Ortopedia Infantil e atuo na identifica\u00e7\u00e3o e corre\u00e7\u00e3o de deformidades ortop\u00e9dicas em esqueletos imaturos.<\/p>\n<p>Possuo gradua\u00e7\u00e3o em Medicina pelo Centro Universit\u00e1rio Lus\u00edada (2004), com Especializa\u00e7\u00e3o em Ortopedia Pedi\u00e1trica e Doen\u00e7as Neuromusculares pela Santa Casa de S\u00e3o Paulo (2009-2010).<\/p>\n<p>Atualmente sou assistente da Faculdade de Medicina do ABC e Membro titular da Sociedade Brasileira de Ortopedia Pedi\u00e1trica. Al\u00e9m do atendimento na Casa Inf\u00e2ncia atendo tamb\u00e9m no Hospital e Maternidade S\u00e3o Luiz do Itaim.<\/p>\n<\/div><div class=\"fusion-social-links fusion-social-links-2\" style=\"--awb-margin-top:0px;--awb-margin-right:0px;--awb-margin-bottom:0px;--awb-margin-left:0px;--awb-box-border-top:0px;--awb-box-border-right:0px;--awb-box-border-bottom:0px;--awb-box-border-left:0px;--awb-icon-colors-hover:rgba(190,189,189,0.8);--awb-box-colors-hover:rgba(232,232,232,0.8);--awb-box-border-color:var(--awb-color3);--awb-box-border-color-hover:var(--awb-color4);\"><div class=\"fusion-social-networks boxed-icons color-type-brand\"><div class=\"fusion-social-networks-wrapper\"><a class=\"fusion-social-network-icon fusion-tooltip fusion-mail awb-icon-mail\" style=\"color:#ffffff;font-size:16px;width:16px;background-color:#000000;border-color:#000000;border-radius:4px;\" data-placement=\"top\" data-title=\"E-mail\" data-toggle=\"tooltip\" title=\"E-mail\" aria-label=\"mail\" target=\"_blank\" rel=\"noopener noreferrer\" href=\"mailto:ca&#114;&#108;&#111;s&#115;&#117;t&#116;&#111;n&#064;h&#111;tm&#097;&#105;&#108;.c&#111;m\"><\/a><\/div><\/div><\/div><\/div><\/div><div class=\"fusion-layout-column fusion_builder_column fusion-builder-column-2 fusion_builder_column_1_4 1_4 fusion-flex-column\" style=\"--awb-padding-top:20px;--awb-padding-right:20px;--awb-padding-bottom:20px;--awb-padding-left:20px;--awb-bg-color:#ffffff;--awb-bg-color-hover:#ffffff;--awb-bg-size:cover;--awb-border-color:#e2e2e2;--awb-border-top:1px;--awb-border-right:1px;--awb-border-bottom:1px;--awb-border-left:1px;--awb-border-style:solid;--awb-width-large:25%;--awb-margin-top-large:0px;--awb-spacing-right-large:3.84%;--awb-margin-bottom-large:40px;--awb-spacing-left-large:3.84%;--awb-width-medium:50%;--awb-order-medium:0;--awb-spacing-right-medium:1.92%;--awb-spacing-left-medium:1.92%;--awb-width-small:100%;--awb-order-small:0;--awb-spacing-right-small:0.96%;--awb-spacing-left-small:0.96%;\"><div class=\"fusion-column-wrapper fusion-column-has-shadow fusion-flex-justify-content-flex-start fusion-content-layout-column\"><div class=\"fusion-image-element \" style=\"--awb-caption-title-font-family:var(--h2_typography-font-family);--awb-caption-title-font-weight:var(--h2_typography-font-weight);--awb-caption-title-font-style:var(--h2_typography-font-style);--awb-caption-title-size:var(--h2_typography-font-size);--awb-caption-title-transform:var(--h2_typography-text-transform);--awb-caption-title-line-height:var(--h2_typography-line-height);--awb-caption-title-letter-spacing:var(--h2_typography-letter-spacing);\"><span class=\" fusion-imageframe imageframe-none imageframe-3 hover-type-zoomin\" style=\"border-radius:2px;\"><img width=\"536\" height=\"388\" alt=\"Dra Carla Ferreira | Pediatra e Neonatologista\" title=\"Samantha_Vollet_Foto\" src=\"https:\/\/casainfancia.com.br\/pediatria\/wp-content\/uploads\/2025\/01\/Samantha_Vollet_Foto.jpg\" data-orig-src=\"https:\/\/casainfancia.com.br\/pediatria\/wp-content\/uploads\/2025\/01\/Samantha_Vollet_Foto.jpg\" class=\"lazyload img-responsive wp-image-89123\" srcset=\"data:image\/svg+xml,%3Csvg%20xmlns%3D%27http%3A%2F%2Fwww.w3.org%2F2000%2Fsvg%27%20width%3D%27536%27%20height%3D%27388%27%20viewBox%3D%270%200%20536%20388%27%3E%3Crect%20width%3D%27536%27%20height%3D%27388%27%20fill-opacity%3D%220%22%2F%3E%3C%2Fsvg%3E\" data-srcset=\"https:\/\/casainfancia.com.br\/pediatria\/wp-content\/uploads\/2025\/01\/Samantha_Vollet_Foto-200x145.jpg 200w, https:\/\/casainfancia.com.br\/pediatria\/wp-content\/uploads\/2025\/01\/Samantha_Vollet_Foto-400x290.jpg 400w, https:\/\/casainfancia.com.br\/pediatria\/wp-content\/uploads\/2025\/01\/Samantha_Vollet_Foto.jpg 536w\" data-sizes=\"auto\" data-orig-sizes=\"(max-width: 1024px) 100vw, (max-width: 640px) 100vw, 400px\" \/><\/span><\/div><div class=\"fusion-title title fusion-title-5 fusion-sep-none fusion-title-text fusion-title-size-three\" style=\"--awb-margin-top:15px;--awb-margin-bottom:5px;--awb-margin-top-small:20px;--awb-margin-right-small:0px;--awb-margin-bottom-small:10px;--awb-margin-left-small:0px;\"><h3 class=\"fusion-title-heading title-heading-left fusion-responsive-typography-calculated\" style=\"margin:0;--fontSize:22;--minFontSize:22;line-height:2.2;\">DRA SAMANTHA VOLLET (RJ)<\/h3><\/div><div class=\"fusion-title title fusion-title-6 fusion-sep-none fusion-title-text fusion-title-size-five\" style=\"--awb-text-color:#549f97;--awb-margin-bottom:10px;--awb-margin-top-small:0px;--awb-margin-right-small:0px;--awb-margin-bottom-small:10px;--awb-margin-left-small:0px;\"><h5 class=\"fusion-title-heading title-heading-left fusion-responsive-typography-calculated\" style=\"margin:0;--fontSize:16;--minFontSize:16;line-height:2;\"><strong>PEDIATRA E NEONATOLOGISTA<\/strong><br \/>\n<small>CRM 113.169<\/small><\/h5><\/div><div class=\"fusion-text fusion-text-3\" style=\"--awb-text-transform:none;\"><p>A pediatria \u00e9 uma das \u00e1reas da Medicina que n\u00e3o pode olhar apenas para o paciente. Aqui \u00e9 comum que cuidemos mais das fam\u00edlias do que da crian\u00e7a em si.<\/p>\n<p>Quando iniciei minha resid\u00eancia em Pediatria e especializa\u00e7\u00e3o em Neonatologia na Santa Casa de Miseric\u00f3rdia de S\u00e3o Paulo eu j\u00e1 percebi essa peculiaridade da profiss\u00e3o que escolhi. De l\u00e1 para c\u00e1, passei pelos Hospitais Einstein, S\u00e3o Luis, Pr\u00f3 Matre e no Ber\u00e7\u00e1rio da FMUSP. Mas entendi melhor essa rela\u00e7\u00e3o profunda entre pediatra e fam\u00edlia quando me casei e tive meus dois filhos.<\/p>\n<p>Percebi na pele uma gesta\u00e7\u00e3o \u00e9 diferente da outra, como um puerp\u00e9rio \u00e9 exaustivo e solit\u00e1rio e como o trabalho de m\u00e3e parece nunca terminar. Mesmo sendo pediatra, houve vezes que me questionei se estaria \u201cfazendo certo\u201d com meus filhos ou se n\u00e3o &#8220;poderia ter feito mais&#8221; para evitar alguma doen\u00e7a.<\/p>\n<p>Por isso levo essa experi\u00eancia a cada atendimento, a cada da fam\u00edlia que vem ao consult\u00f3rio.<\/p>\n<\/div><div class=\"fusion-social-links fusion-social-links-3\" style=\"--awb-margin-top:0px;--awb-margin-right:0px;--awb-margin-bottom:0px;--awb-margin-left:0px;--awb-box-border-top:0px;--awb-box-border-right:0px;--awb-box-border-bottom:0px;--awb-box-border-left:0px;--awb-icon-colors-hover:rgba(190,189,189,0.8);--awb-box-colors-hover:rgba(232,232,232,0.8);--awb-box-border-color:var(--awb-color3);--awb-box-border-color-hover:var(--awb-color4);\"><div class=\"fusion-social-networks boxed-icons color-type-brand\"><div class=\"fusion-social-networks-wrapper\"><a class=\"fusion-social-network-icon fusion-tooltip fusion-instagram awb-icon-instagram\" style=\"color:#ffffff;font-size:16px;width:16px;background-color:#c13584;border-color:#c13584;border-radius:4px;\" data-placement=\"top\" data-title=\"Instagram\" data-toggle=\"tooltip\" title=\"Instagram\" aria-label=\"instagram\" target=\"_blank\" rel=\"noopener noreferrer\" href=\"https:\/\/www.instagram.com\/samanthavolletpediatra\/\"><\/a><\/div><\/div><\/div><\/div><\/div><\/div><\/div>\n","protected":false},"excerpt":{"rendered":"","protected":false},"author":1,"featured_media":851,"parent":0,"menu_order":0,"comment_status":"closed","ping_status":"closed","template":"100-width.php","meta":{"om_disable_all_campaigns":false,"_monsterinsights_skip_tracking":false,"_monsterinsights_sitenote_active":false,"_monsterinsights_sitenote_note":"","_monsterinsights_sitenote_category":0},"aioseo_notices":[],"_links":{"self":[{"href":"https:\/\/casainfancia.com.br\/pediatria\/wp-json\/wp\/v2\/pages\/7351"}],"collection":[{"href":"https:\/\/casainfancia.com.br\/pediatria\/wp-json\/wp\/v2\/pages"}],"about":[{"href":"https:\/\/casainfancia.com.br\/pediatria\/wp-json\/wp\/v2\/types\/page"}],"author":[{"embeddable":true,"href":"https:\/\/casainfancia.com.br\/pediatria\/wp-json\/wp\/v2\/users\/1"}],"replies":[{"embeddable":true,"href":"https:\/\/casainfancia.com.br\/pediatria\/wp-json\/wp\/v2\/comments?post=7351"}],"version-history":[{"count":91,"href":"https:\/\/casainfancia.com.br\/pediatria\/wp-json\/wp\/v2\/pages\/7351\/revisions"}],"predecessor-version":[{"id":89130,"href":"https:\/\/casainfancia.com.br\/pediatria\/wp-json\/wp\/v2\/pages\/7351\/revisions\/89130"}],"wp:featuredmedia":[{"embeddable":true,"href":"https:\/\/casainfancia.com.br\/pediatria\/wp-json\/wp\/v2\/media\/851"}],"wp:attachment":[{"href":"https:\/\/casainfancia.com.br\/pediatria\/wp-json\/wp\/v2\/media?parent=7351"}],"curies":[{"name":"wp","href":"https:\/\/api.w.org\/{rel}","templated":true}]}}