{"id":5,"date":"2020-12-14T04:09:47","date_gmt":"2020-12-14T07:09:47","guid":{"rendered":"http:\/\/theme-fusion.com\/avada\/medical\/?page_id=5"},"modified":"2022-08-13T21:38:05","modified_gmt":"2022-08-14T00:38:05","slug":"home","status":"publish","type":"page","link":"https:\/\/casainfancia.com.br\/pediatria\/","title":{"rendered":"Cuidados com a crian\u00e7a e adolescentes"},"content":{"rendered":"<div class=\"fusion-fullwidth fullwidth-box fusion-builder-row-1 has-pattern-background has-mask-background fusion-parallax-none nonhundred-percent-fullwidth non-hundred-percent-height-scrolling lazyload\" style=\"--awb-border-sizes-top:0px;--awb-border-sizes-bottom:0px;--awb-border-sizes-left:0px;--awb-border-sizes-right:0px;--awb-border-radius-top-left:0px;--awb-border-radius-top-right:0px;--awb-border-radius-bottom-right:0px;--awb-border-radius-bottom-left:0px;--awb-padding-top:14%;--awb-padding-right:5%;--awb-padding-bottom:14%;--awb-padding-left:5%;--awb-background-size:cover;--awb-flex-wrap:wrap;\" data-bg=\"https:\/\/casainfancia.com.br\/pediatria\/wp-content\/uploads\/2022\/08\/consultorio.webp\" ><div class=\"fusion-builder-row fusion-row\"><div class=\"fusion-layout-column fusion_builder_column fusion-builder-column-0 fusion_builder_column_2_3 2_3 fusion-two-third fusion-column-first\" style=\"--awb-bg-size:cover;width:65.3333%; margin-right: 4%;\"><div class=\"fusion-column-wrapper fusion-flex-column-wrapper-legacy\"><div class=\"fusion-text fusion-text-1\"><h1><span style=\"color: #ffffff;\">Prevenir e<\/span> <span style=\"color: #60a79f;\">curar<\/span><\/h1>\n<p style=\"font-size: 26px; line-height: 36px;\"><span style=\"color: #ffffff;\">Pediatria \u00e9 a especialidade m\u00e9dica dedicada \u00e0 assist\u00eancia \u00e0 crian\u00e7a e ao adolescente, nos seus diversos aspectos, sejam eles preventivos ou curativos.<br \/>\n<\/span><\/p>\n<\/div><div class=\"fusion-sep-clear\"><\/div><div class=\"fusion-separator fusion-full-width-sep\" style=\"margin-left: auto;margin-right: auto;margin-top:15px;margin-bottom:10px;width:100%;\"><\/div><div class=\"fusion-sep-clear\"><\/div><div class=\"fusion-reading-box-container reading-box-container-1\" style=\"--awb-title-color:#333333;--awb-margin-top:0px;--awb-margin-bottom:84px;\"><div class=\"reading-box\" style=\"background-color:#f6f6f6;border-width:1px;border-color:rgba(246,246,246,0.4);border-left-width:3px;border-left-color:var(--primary_color);border-style:solid;\"><div class=\"reading-box-additional\">\n<h4>Aspectos PREVENTIVOS envolvem a\u00e7\u00f5es como aleitamento materno, alimenta\u00e7\u00e3o, imuniza\u00e7\u00f5es (vacinas), preven\u00e7\u00e3o de acidentes, al\u00e9m do acompanhamento e das orienta\u00e7\u00f5es necess\u00e1rias para o crescimento e desenvolvimento saud\u00e1veis (puericultura).<\/h4>\n<h4>J\u00e1 os apectos CURATIVOS correspondem aos diversos procedimentos e tratamentos das mais diversas doen\u00e7as exclusivas ou n\u00e3o da crian\u00e7a e adolescente.<\/h4>\n<\/div><div class=\"fusion-clearfix\"><\/div><\/div><\/div><div class=\"fusion-clearfix\"><\/div><\/div><\/div><\/div><\/div>\n","protected":false},"excerpt":{"rendered":"","protected":false},"author":1,"featured_media":980,"parent":0,"menu_order":0,"comment_status":"closed","ping_status":"closed","template":"100-width.php","meta":{"om_disable_all_campaigns":false,"_monsterinsights_skip_tracking":false,"_monsterinsights_sitenote_active":false,"_monsterinsights_sitenote_note":"","_monsterinsights_sitenote_category":0},"aioseo_notices":[],"_links":{"self":[{"href":"https:\/\/casainfancia.com.br\/pediatria\/wp-json\/wp\/v2\/pages\/5"}],"collection":[{"href":"https:\/\/casainfancia.com.br\/pediatria\/wp-json\/wp\/v2\/pages"}],"about":[{"href":"https:\/\/casainfancia.com.br\/pediatria\/wp-json\/wp\/v2\/types\/page"}],"author":[{"embeddable":true,"href":"https:\/\/casainfancia.com.br\/pediatria\/wp-json\/wp\/v2\/users\/1"}],"replies":[{"embeddable":true,"href":"https:\/\/casainfancia.com.br\/pediatria\/wp-json\/wp\/v2\/comments?post=5"}],"version-history":[{"count":39,"href":"https:\/\/casainfancia.com.br\/pediatria\/wp-json\/wp\/v2\/pages\/5\/revisions"}],"predecessor-version":[{"id":57444,"href":"https:\/\/casainfancia.com.br\/pediatria\/wp-json\/wp\/v2\/pages\/5\/revisions\/57444"}],"wp:featuredmedia":[{"embeddable":true,"href":"https:\/\/casainfancia.com.br\/pediatria\/wp-json\/wp\/v2\/media\/980"}],"wp:attachment":[{"href":"https:\/\/casainfancia.com.br\/pediatria\/wp-json\/wp\/v2\/media?parent=5"}],"curies":[{"name":"wp","href":"https:\/\/api.w.org\/{rel}","templated":true}]}}