{"id":1319,"date":"2020-05-26T14:18:10","date_gmt":"2020-05-26T17:18:10","guid":{"rendered":"https:\/\/casainfancia.com.br\/pediatria\/?page_id=1319"},"modified":"2022-08-13T23:19:29","modified_gmt":"2022-08-14T02:19:29","slug":"vacinacao","status":"publish","type":"page","link":"https:\/\/casainfancia.com.br\/pediatria\/vacinacao\/","title":{"rendered":"Vacina\u00e7\u00e3o \u00e9 importante"},"content":{"rendered":"<p><div class=\"fusion-fullwidth fullwidth-box fusion-builder-row-1 nonhundred-percent-fullwidth non-hundred-percent-height-scrolling\" style=\"--awb-border-radius-top-left:0px;--awb-border-radius-top-right:0px;--awb-border-radius-bottom-right:0px;--awb-border-radius-bottom-left:0px;--awb-padding-top:30px;--awb-margin-top:10px;--awb-flex-wrap:wrap;\" ><div class=\"fusion-builder-row fusion-row\"><div class=\"fusion-layout-column fusion_builder_column fusion-builder-column-0 fusion_builder_column_1_1 1_1 fusion-one-full fusion-column-first fusion-column-last\" style=\"--awb-bg-size:cover;\"><div class=\"fusion-column-wrapper fusion-column-has-shadow fusion-flex-column-wrapper-legacy\"><div class=\"fusion-text fusion-text-1 fusion-no-small-visibility\"><div id=\"sunote_5ed1639fcab9a\" class=\"su-note su-note-style4 su-note-warning\">\n<div class=\"su-note-inner su-clearfix\">\n<span class=\"fusion-dropcap dropcap\" style=\"--awb-color:#64a7a0;\">V<\/span>acinas s\u00e3o consideradas produtos biol\u00f3gicos derivados ou semelhantes a um microorganismo causador de determinada doen\u00e7a e servem para induzir o sistema imunol\u00f3gico a criar uma barreira de prote\u00e7\u00e3o.\u00a0Sendo assim, um dos maiores triunfos da ci\u00eancia foi a imuniza\u00e7\u00e3o em larga escala da popula\u00e7\u00e3o contra as doen\u00e7as infecciosas, visando a preven\u00e7\u00e3o e a erradica\u00e7\u00e3o.<\/p>\n<p>Logo ap\u00f3s o nascimento, na pr\u00f3pria maternidade ou hospital, seu beb\u00ea ser\u00e1 imunizado contra algumas doen\u00e7as. O calend\u00e1rio oficial de imuniza\u00e7\u00f5es do Brasil, o PNI (Programa Nacional de Imuniza\u00e7\u00e3o), prev\u00ea que todas as crian\u00e7as sejam vacinadas contra mais de 10 tipos de infec\u00e7\u00f5es, incluindo uma s\u00e9rie de doses de refor\u00e7o. Todas essas vacinas podem ser tomadas gratuitamente em postos de sa\u00fade ou durante campanhas.<\/p>\n<p>Algumas vezes tamb\u00e9m recomendamos algumas outras vacinas j\u00e1 dispon\u00edveis no mercado, mas que, como n\u00e3o integram o programa federal, t\u00eam que ser pagas separadamente.\u00a0Na primeira vacina\u00e7\u00e3o da crian\u00e7a, voc\u00ea receber\u00e1 a carteirinha de imuniza\u00e7\u00f5es. Guarde-a com cuidado e leve-a sempre \u00e0s consultas de rotina no pediatra.<\/p>\n<p>Para que sua crian\u00e7a goze de uma perfeita sa\u00fade e a mantenha quando atingir a idade adulta \u00e9 imprescind\u00edvel acompanhar e cumprir rigorosamente o calend\u00e1rio de vacina\u00e7\u00e3o.<\/p>\n<p><span style=\"color: #64a7a0;\">Veja a seguir um cronograma das imuniza\u00e7\u00f5es at\u00e9 a adolesc\u00eancia do seu filho.<\/span><\/p>\n<\/div>\n<\/div>\n<\/div><div class=\"fusion-clearfix\"><\/div><\/div><\/div><div class=\"fusion-layout-column fusion_builder_column fusion-builder-column-1 fusion_builder_column_1_1 1_1 fusion-one-full fusion-column-first fusion-column-last\" style=\"--awb-bg-size:cover;\"><div class=\"fusion-column-wrapper fusion-column-has-shadow fusion-flex-column-wrapper-legacy\"><div class=\"fusion-reading-box-container reading-box-container-1\" style=\"--awb-title-color:#333333;--awb-margin-top:0px;--awb-margin-bottom:0px;\"><div class=\"reading-box\" style=\"background-color:#64a7a0;border-width:0px;border-color:#f6f6f6;border-left-width:3px;border-left-color:var(--primary_color);border-style:solid;\"><div class=\"reading-box-additional\">\n<p style=\"text-align: center;\"><span style=\"color: #ffffff;\">Crian\u00e7as de 6 meses a 5 anos de idade dever\u00e3o tomar uma ou duas doses da vacina influenza durante a Campanha Anual de Vacina\u00e7\u00e3o da Gripe.<\/span><\/p>\n<\/div><div class=\"fusion-clearfix\"><\/div><\/div><\/div><div class=\"fusion-content-boxes content-boxes columns row fusion-columns-5 fusion-columns-total-10 fusion-content-boxes-1 content-boxes-clean-vertical content-left content-boxes-icon-on-top\" style=\"--awb-title-color:#64a7a0;--awb-margin-top:0px;--awb-margin-bottom:0px;--awb-hover-accent-color:#64a7a0;--awb-circle-hover-accent-color:#64a7a0;\" data-animationOffset=\"top-into-view\"><div style=\"--awb-backgroundcolor:#f4f4f4;border-color:#ffffff;\" class=\"fusion-column content-box-column content-box-column-1 col-lg-2 col-md-2 col-sm-2 fusion-content-box-hover content-box-column-first-in-row\"><div class=\"col content-box-wrapper content-wrapper-background link-area-box content-icon-wrapper-yes icon-wrapper-hover-animation-pulsate fusion-animated\" data-animationType=\"fadeIn\" data-animationDuration=\"0.3\" data-animationOffset=\"top-into-view\"><div class=\"heading icon-left\"><h2 class=\"content-box-heading fusion-responsive-typography-calculated\" style=\"--h2_typography-font-size:28px;--fontSize:28;line-height:1.25;\">Ao nascer<\/h2><\/div><div class=\"fusion-clearfix\"><\/div><div class=\"content-container\">\n<div class=\"timeline-body\">\n<p><strong>BCG<br \/>\n<\/strong>Previne as formas graves de tuberculose, principalmente miliar e men\u00edngea<br \/>\n<em>Dose \u00fanica<\/em><\/p>\n<p><strong>Hepatite B<br \/>\n<\/strong>Previne a hepatite B<br \/>\n<em>Dose ao nascer<\/em><\/p>\n<\/div>\n<\/div><\/div><\/div><div style=\"--awb-backgroundcolor:#f9f9f9;border-color:#ffffff;\" class=\"fusion-column content-box-column content-box-column-2 col-lg-2 col-md-2 col-sm-2 fusion-content-box-hover \"><div class=\"col content-box-wrapper content-wrapper-background link-area-box content-icon-wrapper-yes icon-wrapper-hover-animation-pulsate fusion-animated\" data-animationType=\"fadeIn\" data-animationDuration=\"0.3\" data-animationOffset=\"top-into-view\"><div class=\"heading icon-left\"><h2 class=\"content-box-heading fusion-responsive-typography-calculated\" style=\"--h2_typography-font-size:28px;--fontSize:28;line-height:1.25;\">2 meses<\/h2><\/div><div class=\"fusion-clearfix\"><\/div><div class=\"content-container\">\n<div class=\"timeline-body\">\n<div class=\"timeline-body\">\n<p><strong>Penta<br \/>\n<\/strong>Previne difteria, t\u00e9tano, coqueluche, hepatite B e infec\u00e7\u00f5es causadas pelo Haemophilus influenzae B<br \/>\n<em>1\u00aa dose<\/em><\/p>\n<p><strong>Poliomielite 1, 2 e 3 (inativada)<br \/>\n<\/strong>Previne a poliomielite<br \/>\n<em>1\u00aa dose<\/em><\/p>\n<p><strong>Pneumoc\u00f3cica 10 Valente (conjugada)<br \/>\n<\/strong>Previne a pneumonia, otite, meningite e outras doen\u00e7as causadas pelo Pneumococo<br \/>\n<em>1\u00aa dose<\/em><\/p>\n<p><strong>Rotav\u00edrus humano<br \/>\n<\/strong>Previne diarreia por rotav\u00edrus<br \/>\n<em>1\u00aa dose<\/em><\/p>\n<\/div>\n<\/div>\n<\/div><\/div><\/div><div style=\"--awb-backgroundcolor:#f4f4f4;border-color:#ffffff;\" class=\"fusion-column content-box-column content-box-column-3 col-lg-2 col-md-2 col-sm-2 fusion-content-box-hover \"><div class=\"col content-box-wrapper content-wrapper-background link-area-box content-icon-wrapper-yes icon-wrapper-hover-animation-pulsate fusion-animated\" data-animationType=\"fadeIn\" data-animationDuration=\"0.3\" data-animationOffset=\"top-into-view\"><div class=\"heading icon-left\"><h2 class=\"content-box-heading fusion-responsive-typography-calculated\" style=\"--h2_typography-font-size:28px;--fontSize:28;line-height:1.25;\">3 meses<\/h2><\/div><div class=\"fusion-clearfix\"><\/div><div class=\"content-container\">\n<div class=\"timeline-body\">\n<p><strong>Meningoc\u00f3cica C (conjugada)<br \/>\n<\/strong>Previne Doen\u00e7a invasiva causada pela Neisseria meningitidis do sorogrupo C<br \/>\n<em>1\u00aa dose<\/em><\/p>\n<\/div>\n<\/div><\/div><\/div><div style=\"--awb-backgroundcolor:#f9f9f9;border-color:#ffffff;\" class=\"fusion-column content-box-column content-box-column-4 col-lg-2 col-md-2 col-sm-2 fusion-content-box-hover \"><div class=\"col content-box-wrapper content-wrapper-background link-area-box content-icon-wrapper-yes icon-wrapper-hover-animation-pulsate fusion-animated\" data-animationType=\"fadeIn\" data-animationDuration=\"0.3\" data-animationOffset=\"top-into-view\"><div class=\"heading icon-left\"><h2 class=\"content-box-heading fusion-responsive-typography-calculated\" style=\"--h2_typography-font-size:28px;--fontSize:28;line-height:1.25;\">4 meses<\/h2><\/div><div class=\"fusion-clearfix\"><\/div><div class=\"content-container\">\n<div class=\"timeline-body\">\n<div class=\"timeline-body\">\n<div class=\"timeline-body\">\n<p><strong>Penta<br \/>\n<\/strong>Previne difteria, t\u00e9tano, coqueluche, hepatite B e infec\u00e7\u00f5es causadas pelo Haemophilus influenzae B<br \/>\n<em>2\u00aa dose<\/em><\/p>\n<p><strong>Vacina Poliomielite 1, 2 e 3 (inativada)<br \/>\n<\/strong>Previne a poliomielite<br \/>\n<em>2\u00aa dose<\/em><\/p>\n<p><strong>Pneumoc\u00f3cica 10 Valente (conjugada)<br \/>\n<\/strong>Previne pneumonia, otite, meningite e outras doen\u00e7as causadas pelo Pneumococo<br \/>\n<em>2\u00aa dose<\/em><\/p>\n<p><strong>Rotav\u00edrus humano<br \/>\n<\/strong>Previne diarreia por rotav\u00edrus<br \/>\n<em>2\u00aa dose<\/em><\/p>\n<\/div>\n<\/div>\n<\/div>\n<\/div><\/div><\/div><div style=\"--awb-backgroundcolor:#f4f4f4;border-color:#ffffff;\" class=\"fusion-column content-box-column content-box-column-5 col-lg-2 col-md-2 col-sm-2 fusion-content-box-hover content-box-column-last-in-row\"><div class=\"col content-box-wrapper content-wrapper-background link-area-box content-icon-wrapper-yes icon-wrapper-hover-animation-pulsate fusion-animated\" data-animationType=\"fadeIn\" data-animationDuration=\"0.3\" data-animationOffset=\"top-into-view\"><div class=\"heading icon-left\"><h2 class=\"content-box-heading fusion-responsive-typography-calculated\" style=\"--h2_typography-font-size:28px;--fontSize:28;line-height:1.25;\">5 meses<\/h2><\/div><div class=\"fusion-clearfix\"><\/div><div class=\"content-container\">\n<div class=\"timeline-body\">\n<p><strong>Meningoc\u00f3cica C (conjugada)<br \/>\n<\/strong>Previne doen\u00e7a invasiva causada pela Neisseria meningitidis do sorogrupo C<br \/>\n<em>2\u00aa dose<\/em><\/p>\n<\/div>\n<\/div><\/div><\/div><div style=\"--awb-backgroundcolor:#f9f9f9;border-color:#ffffff;\" class=\"fusion-column content-box-column content-box-column-6 col-lg-2 col-md-2 col-sm-2 fusion-content-box-hover content-box-column-first-in-row\"><div class=\"col content-box-wrapper content-wrapper-background link-area-box content-icon-wrapper-yes icon-wrapper-hover-animation-pulsate fusion-animated\" data-animationType=\"fadeIn\" data-animationDuration=\"0.3\" data-animationOffset=\"top-into-view\"><div class=\"heading icon-left\"><h2 class=\"content-box-heading fusion-responsive-typography-calculated\" style=\"--h2_typography-font-size:28px;--fontSize:28;line-height:1.25;\">6 meses<\/h2><\/div><div class=\"fusion-clearfix\"><\/div><div class=\"content-container\">\n<div class=\"timeline-body\">\n<div class=\"timeline-body\">\n<div class=\"timeline-body\">\n<div class=\"timeline-body\">\n<p><strong>Penta<br \/>\n<\/strong>Previne difteria, t\u00e9tano, coqueluche, hepatite B e infec\u00e7\u00f5es causadas pelo Haemophilus influenzae B<br \/>\n<em>3\u00aa dose<\/em><\/p>\n<p><strong>Poliomielite 1, 2 e 3 (inativada)<br \/>\n<\/strong>Previne poliomielite<br \/>\n<em>3\u00aa dose<\/em><\/p>\n<\/div>\n<\/div>\n<\/div>\n<\/div>\n<\/div><\/div><\/div><div style=\"--awb-backgroundcolor:#f4f4f4;border-color:#ffffff;\" class=\"fusion-column content-box-column content-box-column-7 col-lg-2 col-md-2 col-sm-2 fusion-content-box-hover \"><div class=\"col content-box-wrapper content-wrapper-background link-area-box content-icon-wrapper-yes icon-wrapper-hover-animation-pulsate fusion-animated\" data-animationType=\"fadeIn\" data-animationDuration=\"0.3\" data-animationOffset=\"top-into-view\"><div class=\"heading icon-left\"><h2 class=\"content-box-heading fusion-responsive-typography-calculated\" style=\"--h2_typography-font-size:28px;--fontSize:28;line-height:1.25;\">9 meses<\/h2><\/div><div class=\"fusion-clearfix\"><\/div><div class=\"content-container\">\n<div class=\"timeline-body\">\n<p><strong>Febre Amarela<br \/>\n<\/strong>Previne a febre amarela<br \/>\n<em>Uma dose<\/em><\/p>\n<\/div>\n<\/div><\/div><\/div><div style=\"--awb-backgroundcolor:#f9f9f9;border-color:#ffffff;\" class=\"fusion-column content-box-column content-box-column-8 col-lg-2 col-md-2 col-sm-2 fusion-content-box-hover \"><div class=\"col content-box-wrapper content-wrapper-background link-area-box content-icon-wrapper-yes icon-wrapper-hover-animation-pulsate fusion-animated\" data-animationType=\"fadeIn\" data-animationDuration=\"0.3\" data-animationOffset=\"top-into-view\"><div class=\"heading icon-left\"><h2 class=\"content-box-heading fusion-responsive-typography-calculated\" style=\"--h2_typography-font-size:28px;--fontSize:28;line-height:1.25;\">12 meses<\/h2><\/div><div class=\"fusion-clearfix\"><\/div><div class=\"content-container\">\n<div class=\"timeline-body\">\n<p><strong>Tr\u00edplice viral<br \/>\n<\/strong>Previne sarampo, caxumba e rub\u00e9ola<br \/>\n<em>1\u00aa dose<\/em><\/p>\n<p><strong>Pneumoc\u00f3cica 10 Valente (conjugada)<br \/>\n<\/strong>Previne pneumonia, otite, meningite e outras doen\u00e7as causadas pelo Pneumococo<br \/>\n<em>Refor\u00e7o<\/em><\/p>\n<p><strong>Meningoc\u00f3cica C (conjugada)<br \/>\n<\/strong>Previne doen\u00e7a invasiva causada pela Neisseria meningitidis do sorogrupo C<br \/>\n<em>Refor\u00e7o<\/em><\/p>\n<\/div>\n<\/div><\/div><\/div><div style=\"--awb-backgroundcolor:#f4f4f4;border-color:#ffffff;\" class=\"fusion-column content-box-column content-box-column-9 col-lg-2 col-md-2 col-sm-2 fusion-content-box-hover \"><div class=\"col content-box-wrapper content-wrapper-background link-area-box content-icon-wrapper-yes icon-wrapper-hover-animation-pulsate fusion-animated\" data-animationType=\"fadeIn\" data-animationDuration=\"0.3\" data-animationOffset=\"top-into-view\"><div class=\"heading icon-left\"><h2 class=\"content-box-heading fusion-responsive-typography-calculated\" style=\"--h2_typography-font-size:28px;--fontSize:28;line-height:1.25;\">15 meses<\/h2><\/div><div class=\"fusion-clearfix\"><\/div><div class=\"content-container\">\n<div class=\"timeline-body\">\n<p><strong>DTP<br \/>\n<\/strong>Previne a difteria, t\u00e9tano e coqueluche<br \/>\n<em>1\u00ba refor\u00e7o<\/em><\/p>\n<p><strong>Poliomielite 1 e 3 (atenuada)<br \/>\n<\/strong>Previne poliomielite<br \/>\n<em>1\u00ba refor\u00e7o<\/em><\/p>\n<p><strong>Hepatite A<br \/>\n<\/strong><em>Uma dose<\/em><\/p>\n<p><strong>Tetra viral<br \/>\n<\/strong>Previne sarampo, rub\u00e9ola, caxumba e varicela\/catapora)<br \/>\n<em>Uma dose<\/em><\/p>\n<\/div>\n<\/div><\/div><\/div><div style=\"--awb-backgroundcolor:#f9f9f9;border-color:#ffffff;\" class=\"fusion-column content-box-column content-box-column-10 col-lg-2 col-md-2 col-sm-2 fusion-content-box-hover content-box-column-last content-box-column-last-in-row\"><div class=\"col content-box-wrapper content-wrapper-background link-area-box content-icon-wrapper-yes icon-wrapper-hover-animation-pulsate fusion-animated\" data-animationType=\"fadeIn\" data-animationDuration=\"0.3\" data-animationOffset=\"top-into-view\"><div class=\"heading icon-left\"><h2 class=\"content-box-heading fusion-responsive-typography-calculated\" style=\"--h2_typography-font-size:28px;--fontSize:28;line-height:1.25;\">4 anos<\/h2><\/div><div class=\"fusion-clearfix\"><\/div><div class=\"content-container\">\n<div class=\"timeline-body\">\n<p><strong>DTP<br \/>\n<\/strong>Previne a difteria, t\u00e9tano e coqueluche<br \/>\n<em>2\u00ba refor\u00e7o<\/em><\/p>\n<p><strong>Poliomielite 1 e 3 (atenuada) (VOP)<br \/>\n<\/strong>Previne poliomielite<br \/>\n<em>2\u00ba refor\u00e7o<\/em><\/p>\n<p><strong>Varicela atenuada<br \/>\n<\/strong>Previne varicela\/catapora)<br \/>\n<em>Uma dose<\/em><\/p>\n<\/div>\n<\/div><\/div><\/div><div class=\"fusion-clearfix\"><\/div><\/div><div class=\"fusion-clearfix\"><\/div><\/div><\/div><\/div><\/div><div class=\"fusion-fullwidth fullwidth-box fusion-builder-row-2 nonhundred-percent-fullwidth non-hundred-percent-height-scrolling\" style=\"--awb-border-radius-top-left:0px;--awb-border-radius-top-right:0px;--awb-border-radius-bottom-right:0px;--awb-border-radius-bottom-left:0px;--awb-margin-top:30px;--awb-flex-wrap:wrap;\" ><div class=\"fusion-builder-row fusion-row\"><div class=\"fusion-layout-column fusion_builder_column fusion-builder-column-2 fusion_builder_column_1_1 1_1 fusion-one-full fusion-column-first fusion-column-last\" style=\"--awb-bg-size:cover;\"><div class=\"fusion-column-wrapper fusion-column-has-shadow fusion-flex-column-wrapper-legacy\"><div class=\"fusion-clearfix\"><\/div><\/div><\/div><\/div><\/div><\/p>\n","protected":false},"excerpt":{"rendered":"","protected":false},"author":1,"featured_media":0,"parent":0,"menu_order":0,"comment_status":"closed","ping_status":"closed","template":"","meta":{"om_disable_all_campaigns":false,"_monsterinsights_skip_tracking":false,"_monsterinsights_sitenote_active":false,"_monsterinsights_sitenote_note":"","_monsterinsights_sitenote_category":0},"aioseo_notices":[],"_links":{"self":[{"href":"https:\/\/casainfancia.com.br\/pediatria\/wp-json\/wp\/v2\/pages\/1319"}],"collection":[{"href":"https:\/\/casainfancia.com.br\/pediatria\/wp-json\/wp\/v2\/pages"}],"about":[{"href":"https:\/\/casainfancia.com.br\/pediatria\/wp-json\/wp\/v2\/types\/page"}],"author":[{"embeddable":true,"href":"https:\/\/casainfancia.com.br\/pediatria\/wp-json\/wp\/v2\/users\/1"}],"replies":[{"embeddable":true,"href":"https:\/\/casainfancia.com.br\/pediatria\/wp-json\/wp\/v2\/comments?post=1319"}],"version-history":[{"count":108,"href":"https:\/\/casainfancia.com.br\/pediatria\/wp-json\/wp\/v2\/pages\/1319\/revisions"}],"predecessor-version":[{"id":57453,"href":"https:\/\/casainfancia.com.br\/pediatria\/wp-json\/wp\/v2\/pages\/1319\/revisions\/57453"}],"wp:attachment":[{"href":"https:\/\/casainfancia.com.br\/pediatria\/wp-json\/wp\/v2\/media?parent=1319"}],"curies":[{"name":"wp","href":"https:\/\/api.w.org\/{rel}","templated":true}]}}