{"id":1143,"date":"2020-04-19T00:03:42","date_gmt":"2020-04-19T03:03:42","guid":{"rendered":"https:\/\/casainfancia.com.br\/pediatria\/?page_id=1143"},"modified":"2022-08-13T23:20:54","modified_gmt":"2022-08-14T02:20:54","slug":"alimentacao-infantil","status":"publish","type":"page","link":"https:\/\/casainfancia.com.br\/pediatria\/alimentacao-infantil\/","title":{"rendered":"Alimenta\u00e7\u00e3o saud\u00e1vel para menores de 2 anos"},"content":{"rendered":"<div class=\"fusion-fullwidth fullwidth-box fusion-builder-row-1 nonhundred-percent-fullwidth non-hundred-percent-height-scrolling\" style=\"--awb-border-radius-top-left:0px;--awb-border-radius-top-right:0px;--awb-border-radius-bottom-right:0px;--awb-border-radius-bottom-left:0px;--awb-padding-top:30px;--awb-flex-wrap:wrap;\" ><div class=\"fusion-builder-row fusion-row\"><div class=\"fusion-layout-column fusion_builder_column fusion-builder-column-0 fusion_builder_column_1_1 1_1 fusion-one-full fusion-column-first fusion-column-last\" style=\"--awb-bg-size:cover;\"><div class=\"fusion-column-wrapper fusion-column-has-shadow fusion-flex-column-wrapper-legacy\"><div class=\"fusion-text fusion-text-1\"><h3>O Minist\u00e9rio da Sa\u00fade, Organiza\u00e7\u00e3o Pan-Americana da Sa\u00fade e a Sociedade Brasileira de Pediatria estabeleceram, para crian\u00e7as menores de 2 anos, 10 recomenda\u00e7\u00f5es para a alimenta\u00e7\u00e3o saud\u00e1vel:<\/h3>\n<\/div><div class=\"fusion-content-boxes content-boxes columns row fusion-columns-1 fusion-columns-total-10 fusion-content-boxes-1 content-boxes-timeline-vertical content-left content-boxes-timeline-layout content-boxes-icon-with-title fusion-delayed-animation\" style=\"--awb-backgroundcolor:#f6f3f3;--awb-hover-accent-color:#539f97;--awb-circle-hover-accent-color:#539f97;--awb-item-margin-bottom:40px;\" data-animation-delay=\"350\" data-animationOffset=\"top-into-view\"><div style=\"--awb-backgroundcolor:#f6f3f3;--awb-content-padding-left:68px;\" class=\"fusion-column content-box-column content-box-column content-box-column-1 col-lg-12 col-md-12 col-sm-12 fusion-content-box-hover content-box-column-last-in-row\"><div class=\"col content-box-wrapper content-wrapper-background link-area-box content-icon-wrapper-yes icon-hover-animation-fade fusion-animated\" data-animationType=\"fadeIn\" data-animationDuration=\"0.25\" data-animationOffset=\"top-into-view\"><div class=\"heading heading-with-icon icon-left\" style=\"margin-top:11px;\"><div class=\"icon\" style=\"margin-top:-11px;margin-bottom:-11px;-webkit-animation-duration: 350ms;animation-duration: 350ms;\"><span style=\"height:44px;width:44px;line-height:23px;border-color:#e7e7e7;border-width:2px;border-style:solid;background-color:#333333;margin-right:20px;box-sizing:content-box;border-radius:50%;\"><i style=\"border-color:#333333;border-width:1px;background-color:#333333;box-sizing:content-box;height:42px;width:42px;line-height:42px;border-radius:50%;position:relative;top:auto;left:auto;margin:0;border-radius:50%;font-size:21px;\" aria-hidden=\"true\" class=\"fontawesome-icon fa-baby fas circle-yes\"><\/i><\/span><\/div><h1 class=\"content-box-heading fusion-responsive-typography-calculated\" style=\"--h1_typography-font-size:26px;--fontSize:26;line-height:1;\">Recomenda\u00e7\u00e3o 1 | S\u00f3 leite!<\/h1><\/div><div class=\"fusion-clearfix\"><\/div><div class=\"content-container\">\n<p>Dar somente leite materno at\u00e9 os 6 meses, sem oferecer \u00e1gua, ch\u00e1s ou quaisquer outros alimentos.<\/p>\n<\/div><div class=\"content-box-shortcode-timeline-vertical\" style=\"border-color:#e7e7e7;left:74px;top:59px;-webkit-transition-duration: 350ms;animation-duration: 350ms;\"><\/div><\/div><\/div><div style=\"--awb-backgroundcolor:#f6f3f3;--awb-content-padding-left:68px;\" class=\"fusion-column content-box-column content-box-column content-box-column-2 col-lg-12 col-md-12 col-sm-12 fusion-content-box-hover content-box-column-last-in-row\"><div class=\"col content-box-wrapper content-wrapper-background link-area-box content-icon-wrapper-yes icon-hover-animation-fade fusion-animated\" data-animationType=\"fadeIn\" data-animationDuration=\"0.25\" data-animationOffset=\"top-into-view\"><div class=\"heading heading-with-icon icon-left\" style=\"margin-top:11px;\"><div class=\"icon\" style=\"margin-top:-11px;margin-bottom:-11px;-webkit-animation-duration: 350ms;animation-duration: 350ms;\"><span style=\"height:44px;width:44px;line-height:23px;border-color:#e7e7e7;border-width:2px;border-style:solid;background-color:#333333;margin-right:20px;box-sizing:content-box;border-radius:50%;\"><i style=\"border-color:#333333;border-width:1px;background-color:#333333;box-sizing:content-box;height:42px;width:42px;line-height:42px;border-radius:50%;position:relative;top:auto;left:auto;margin:0;border-radius:50%;font-size:21px;\" aria-hidden=\"true\" class=\"fontawesome-icon fa-plus fas circle-yes\"><\/i><\/span><\/div><h1 class=\"content-box-heading fusion-responsive-typography-calculated\" style=\"--h1_typography-font-size:26px;--fontSize:26;line-height:1;\">Recomenda\u00e7\u00e3o 2 | Alterando de forma gradual<\/h1><\/div><div class=\"fusion-clearfix\"><\/div><div class=\"content-container\">\n<p>A partir dos 6 meses, introduzir de forma lenta e gradual outros alimentos, mantendo\u00a0o leite materno at\u00e9 os 2 anos de idade ou mais.<\/p>\n<\/div><div class=\"content-box-shortcode-timeline-vertical\" style=\"border-color:#e7e7e7;left:74px;top:59px;-webkit-transition-duration: 350ms;animation-duration: 350ms;\"><\/div><\/div><\/div><div style=\"--awb-backgroundcolor:#f6f3f3;--awb-content-padding-left:68px;\" class=\"fusion-column content-box-column content-box-column content-box-column-3 col-lg-12 col-md-12 col-sm-12 fusion-content-box-hover content-box-column-last-in-row\"><div class=\"col content-box-wrapper content-wrapper-background link-area-box content-icon-wrapper-yes icon-hover-animation-fade fusion-animated\" data-animationType=\"fadeIn\" data-animationDuration=\"0.25\" data-animationOffset=\"top-into-view\"><div class=\"heading heading-with-icon icon-left\" style=\"margin-top:11px;\"><div class=\"icon\" style=\"margin-top:-11px;margin-bottom:-11px;-webkit-animation-duration: 350ms;animation-duration: 350ms;\"><span style=\"height:44px;width:44px;line-height:23px;border-color:#e7e7e7;border-width:2px;border-style:solid;background-color:#333333;margin-right:20px;box-sizing:content-box;border-radius:50%;\"><i style=\"border-color:#333333;border-width:1px;background-color:#333333;box-sizing:content-box;height:42px;width:42px;line-height:42px;border-radius:50%;position:relative;top:auto;left:auto;margin:0;border-radius:50%;font-size:21px;\" aria-hidden=\"true\" class=\"fontawesome-icon fa-apple-alt fas circle-yes\"><\/i><\/span><\/div><h1 class=\"content-box-heading fusion-responsive-typography-calculated\" style=\"--h1_typography-font-size:26px;--fontSize:26;line-height:1;\">Recomenda\u00e7\u00e3o 3 | Complementa\u00e7\u00e3o de 3 a 5 vezes ao dia<\/h1><\/div><div class=\"fusion-clearfix\"><\/div><div class=\"content-container\">\n<p>Ap\u00f3s os 6 meses, dar alimentos complementares (cereais, tub\u00e9rculos, carnes, leguminosas, frutas e legumes), tr\u00eas vezes ao dia, se a crian\u00e7a receber leite materno, e cinco vezes ao dia, se estiver desmamada.<\/p>\n<\/div><div class=\"content-box-shortcode-timeline-vertical\" style=\"border-color:#e7e7e7;left:74px;top:59px;-webkit-transition-duration: 350ms;animation-duration: 350ms;\"><\/div><\/div><\/div><div style=\"--awb-backgroundcolor:#f6f3f3;--awb-content-padding-left:68px;\" class=\"fusion-column content-box-column content-box-column content-box-column-4 col-lg-12 col-md-12 col-sm-12 fusion-content-box-hover content-box-column-last-in-row\"><div class=\"col content-box-wrapper content-wrapper-background link-area-box content-icon-wrapper-yes icon-hover-animation-fade fusion-animated\" data-animationType=\"fadeIn\" data-animationDuration=\"0.25\" data-animationOffset=\"top-into-view\"><div class=\"heading heading-with-icon icon-left\" style=\"margin-top:11px;\"><div class=\"icon\" style=\"margin-top:-11px;margin-bottom:-11px;-webkit-animation-duration: 350ms;animation-duration: 350ms;\"><span style=\"height:44px;width:44px;line-height:23px;border-color:#e7e7e7;border-width:2px;border-style:solid;background-color:#333333;margin-right:20px;box-sizing:content-box;border-radius:50%;\"><i style=\"border-color:#333333;border-width:1px;background-color:#333333;box-sizing:content-box;height:42px;width:42px;line-height:42px;border-radius:50%;position:relative;top:auto;left:auto;margin:0;border-radius:50%;font-size:21px;\" aria-hidden=\"true\" class=\"fontawesome-icon fa-clock far circle-yes\"><\/i><\/span><\/div><h1 class=\"content-box-heading fusion-responsive-typography-calculated\" style=\"--h1_typography-font-size:26px;--fontSize:26;line-height:1;\">Recomenda\u00e7\u00e3o 4 | Siga o rel\u00f3gio da crian\u00e7a por enquanto<\/h1><\/div><div class=\"fusion-clearfix\"><\/div><div class=\"content-container\">\n<p>A alimenta\u00e7\u00e3o complementar dever\u00e1 ser oferecida sem rigidez de hor\u00e1rios, respeitando-se sempre a vontade da crian\u00e7a.<\/p>\n<\/div><div class=\"content-box-shortcode-timeline-vertical\" style=\"border-color:#e7e7e7;left:74px;top:59px;-webkit-transition-duration: 350ms;animation-duration: 350ms;\"><\/div><\/div><\/div><div style=\"--awb-backgroundcolor:#f6f3f3;--awb-content-padding-left:68px;\" class=\"fusion-column content-box-column content-box-column content-box-column-5 col-lg-12 col-md-12 col-sm-12 fusion-content-box-hover content-box-column-last-in-row\"><div class=\"col content-box-wrapper content-wrapper-background link-area-box content-icon-wrapper-yes icon-hover-animation-fade fusion-animated\" data-animationType=\"fadeIn\" data-animationDuration=\"0.25\" data-animationOffset=\"top-into-view\"><div class=\"heading heading-with-icon icon-left\" style=\"margin-top:11px;\"><div class=\"icon\" style=\"margin-top:-11px;margin-bottom:-11px;-webkit-animation-duration: 350ms;animation-duration: 350ms;\"><span style=\"height:44px;width:44px;line-height:23px;border-color:#e7e7e7;border-width:2px;border-style:solid;background-color:#333333;margin-right:20px;box-sizing:content-box;border-radius:50%;\"><i style=\"border-color:#333333;border-width:1px;background-color:#333333;box-sizing:content-box;height:42px;width:42px;line-height:42px;border-radius:50%;position:relative;top:auto;left:auto;margin:0;border-radius:50%;font-size:21px;\" aria-hidden=\"true\" class=\"fontawesome-icon fa-utensil-spoon fas circle-yes\"><\/i><\/span><\/div><h1 class=\"content-box-heading fusion-responsive-typography-calculated\" style=\"--h1_typography-font-size:26px;--fontSize:26;line-height:1;\">Recomenda\u00e7\u00e3o 5 | A colher \u00e9 a melhor amiga<\/h1><\/div><div class=\"fusion-clearfix\"><\/div><div class=\"content-container\">\n<p>A alimenta\u00e7\u00e3o complementar deve ser espessa desde o in\u00edcio e oferecida com colher; come\u00e7ar com consist\u00eancia pastosa (papas\/pur\u00eas) e, gradativamente, aumentar a consist\u00eancia at\u00e9 chegar \u00e0 alimenta\u00e7\u00e3o da fam\u00edlia.<\/p>\n<\/div><div class=\"content-box-shortcode-timeline-vertical\" style=\"border-color:#e7e7e7;left:74px;top:59px;-webkit-transition-duration: 350ms;animation-duration: 350ms;\"><\/div><\/div><\/div><div style=\"--awb-backgroundcolor:#f6f3f3;--awb-content-padding-left:68px;\" class=\"fusion-column content-box-column content-box-column content-box-column-6 col-lg-12 col-md-12 col-sm-12 fusion-content-box-hover content-box-column-last-in-row\"><div class=\"col content-box-wrapper content-wrapper-background link-area-box content-icon-wrapper-yes icon-hover-animation-fade fusion-animated\" data-animationType=\"fadeIn\" data-animationDuration=\"0.25\" data-animationOffset=\"top-into-view\"><div class=\"heading heading-with-icon icon-left\" style=\"margin-top:11px;\"><div class=\"icon\" style=\"margin-top:-11px;margin-bottom:-11px;-webkit-animation-duration: 350ms;animation-duration: 350ms;\"><span style=\"height:44px;width:44px;line-height:23px;border-color:#e7e7e7;border-width:2px;border-style:solid;background-color:#333333;margin-right:20px;box-sizing:content-box;border-radius:50%;\"><i style=\"border-color:#333333;border-width:1px;background-color:#333333;box-sizing:content-box;height:42px;width:42px;line-height:42px;border-radius:50%;position:relative;top:auto;left:auto;margin:0;border-radius:50%;font-size:21px;\" aria-hidden=\"true\" class=\"fontawesome-icon fa-palette fas circle-yes\"><\/i><\/span><\/div><h1 class=\"content-box-heading fusion-responsive-typography-calculated\" style=\"--h1_typography-font-size:26px;--fontSize:26;line-height:1;\">Recomenda\u00e7\u00e3o 6 | Mais COR por favor!<\/h1><\/div><div class=\"fusion-clearfix\"><\/div><div class=\"content-container\">\n<p>Oferecer \u00e0 crian\u00e7a diferentes alimentos ao dia. Uma alimenta\u00e7\u00e3o variada \u00e9, tamb\u00e9m, uma alimenta\u00e7\u00e3o colorida.<\/p>\n<\/div><div class=\"content-box-shortcode-timeline-vertical\" style=\"border-color:#e7e7e7;left:74px;top:59px;-webkit-transition-duration: 350ms;animation-duration: 350ms;\"><\/div><\/div><\/div><div style=\"--awb-backgroundcolor:#f6f3f3;--awb-content-padding-left:68px;\" class=\"fusion-column content-box-column content-box-column content-box-column-7 col-lg-12 col-md-12 col-sm-12 fusion-content-box-hover content-box-column-last-in-row\"><div class=\"col content-box-wrapper content-wrapper-background link-area-box content-icon-wrapper-yes icon-hover-animation-fade fusion-animated\" data-animationType=\"fadeIn\" data-animationDuration=\"0.25\" data-animationOffset=\"top-into-view\"><div class=\"heading heading-with-icon icon-left\" style=\"margin-top:11px;\"><div class=\"icon\" style=\"margin-top:-11px;margin-bottom:-11px;-webkit-animation-duration: 350ms;animation-duration: 350ms;\"><span style=\"height:44px;width:44px;line-height:23px;border-color:#e7e7e7;border-width:2px;border-style:solid;background-color:#333333;margin-right:20px;box-sizing:content-box;border-radius:50%;\"><i style=\"border-color:#333333;border-width:1px;background-color:#333333;box-sizing:content-box;height:42px;width:42px;line-height:42px;border-radius:50%;position:relative;top:auto;left:auto;margin:0;border-radius:50%;font-size:21px;\" aria-hidden=\"true\" class=\"fontawesome-icon fa-carrot fas circle-yes\"><\/i><\/span><\/div><h1 class=\"content-box-heading fusion-responsive-typography-calculated\" style=\"--h1_typography-font-size:26px;--fontSize:26;line-height:1;\">Recomenda\u00e7\u00e3o 7 | Todo dia \u00e9 dia de bons est\u00edmulos<\/h1><\/div><div class=\"fusion-clearfix\"><\/div><div class=\"content-container\">\n<p>Estimular o consumo di\u00e1rio de frutas, verduras e legumes nas refei\u00e7\u00f5es.<\/p>\n<\/div><div class=\"content-box-shortcode-timeline-vertical\" style=\"border-color:#e7e7e7;left:74px;top:59px;-webkit-transition-duration: 350ms;animation-duration: 350ms;\"><\/div><\/div><\/div><div style=\"--awb-backgroundcolor:#f6f3f3;--awb-content-padding-left:68px;\" class=\"fusion-column content-box-column content-box-column content-box-column-8 col-lg-12 col-md-12 col-sm-12 fusion-content-box-hover content-box-column-last-in-row\"><div class=\"col content-box-wrapper content-wrapper-background link-area-box content-icon-wrapper-yes icon-hover-animation-fade fusion-animated\" data-animationType=\"fadeIn\" data-animationDuration=\"0.25\" data-animationOffset=\"top-into-view\"><div class=\"heading heading-with-icon icon-left\" style=\"margin-top:11px;\"><div class=\"icon\" style=\"margin-top:-11px;margin-bottom:-11px;-webkit-animation-duration: 350ms;animation-duration: 350ms;\"><span style=\"height:44px;width:44px;line-height:23px;border-color:#e7e7e7;border-width:2px;border-style:solid;background-color:#333333;margin-right:20px;box-sizing:content-box;border-radius:50%;\"><i style=\"border-color:#333333;border-width:1px;background-color:#333333;box-sizing:content-box;height:42px;width:42px;line-height:42px;border-radius:50%;position:relative;top:auto;left:auto;margin:0;border-radius:50%;font-size:21px;\" aria-hidden=\"true\" class=\"fontawesome-icon fa-times fas circle-yes\"><\/i><\/span><\/div><h1 class=\"content-box-heading fusion-responsive-typography-calculated\" style=\"--h1_typography-font-size:26px;--fontSize:26;line-height:1;\">Recomenda\u00e7\u00e3o 8 | Mas tem que evitar...<\/h1><\/div><div class=\"fusion-clearfix\"><\/div><div class=\"content-container\">\n<p>Evitar a\u00e7\u00facar, caf\u00e9, enlatados, frituras, refrigerantes, balas, salgadinhos e outras guloseimas nos\u00a0primeiros anos de vida. Usar sal com modera\u00e7\u00e3o.<\/p>\n<\/div><div class=\"content-box-shortcode-timeline-vertical\" style=\"border-color:#e7e7e7;left:74px;top:59px;-webkit-transition-duration: 350ms;animation-duration: 350ms;\"><\/div><\/div><\/div><div style=\"--awb-backgroundcolor:#f6f3f3;--awb-content-padding-left:68px;\" class=\"fusion-column content-box-column content-box-column content-box-column-9 col-lg-12 col-md-12 col-sm-12 fusion-content-box-hover content-box-column-last-in-row\"><div class=\"col content-box-wrapper content-wrapper-background link-area-box content-icon-wrapper-yes icon-hover-animation-fade fusion-animated\" data-animationType=\"fadeIn\" data-animationDuration=\"0.25\" data-animationOffset=\"top-into-view\"><div class=\"heading heading-with-icon icon-left\" style=\"margin-top:11px;\"><div class=\"icon\" style=\"margin-top:-11px;margin-bottom:-11px;-webkit-animation-duration: 350ms;animation-duration: 350ms;\"><span style=\"height:44px;width:44px;line-height:23px;border-color:#e7e7e7;border-width:2px;border-style:solid;background-color:#333333;margin-right:20px;box-sizing:content-box;border-radius:50%;\"><i style=\"border-color:#333333;border-width:1px;background-color:#333333;box-sizing:content-box;height:42px;width:42px;line-height:42px;border-radius:50%;position:relative;top:auto;left:auto;margin:0;border-radius:50%;font-size:21px;\" aria-hidden=\"true\" class=\"fontawesome-icon fa-tint fas circle-yes\"><\/i><\/span><\/div><h1 class=\"content-box-heading fusion-responsive-typography-calculated\" style=\"--h1_typography-font-size:26px;--fontSize:26;line-height:1;\">Recomenda\u00e7\u00e3o 9 | Sempre com higiene e cuidado<\/h1><\/div><div class=\"fusion-clearfix\"><\/div><div class=\"content-container\">\n<p>Cuidar da higiene no preparo e manuseio dos alimentos; garantir o armazenamento e conserva\u00e7\u00e3o adequados.<\/p>\n<\/div><div class=\"content-box-shortcode-timeline-vertical\" style=\"border-color:#e7e7e7;left:74px;top:59px;-webkit-transition-duration: 350ms;animation-duration: 350ms;\"><\/div><\/div><\/div><div style=\"--awb-backgroundcolor:#f6f3f3;--awb-content-padding-left:68px;\" class=\"fusion-column content-box-column content-box-column content-box-column-10 col-lg-12 col-md-12 col-sm-12 fusion-content-box-hover content-box-column-last content-box-column-last-in-row\"><div class=\"col content-box-wrapper content-wrapper-background link-area-box content-icon-wrapper-yes icon-hover-animation-fade fusion-animated\" data-animationType=\"fadeIn\" data-animationDuration=\"0.25\" data-animationOffset=\"top-into-view\"><div class=\"heading heading-with-icon icon-left\" style=\"margin-top:11px;\"><div class=\"icon\" style=\"margin-top:-11px;margin-bottom:-11px;-webkit-animation-duration: 350ms;animation-duration: 350ms;\"><span style=\"height:44px;width:44px;line-height:23px;border-color:#e7e7e7;border-width:2px;border-style:solid;background-color:#333333;margin-right:20px;box-sizing:content-box;border-radius:50%;\"><i style=\"border-color:#333333;border-width:1px;background-color:#333333;box-sizing:content-box;height:42px;width:42px;line-height:42px;border-radius:50%;position:relative;top:auto;left:auto;margin:0;border-radius:50%;font-size:21px;\" aria-hidden=\"true\" class=\"fontawesome-icon fa-utensils fas circle-yes\"><\/i><\/span><\/div><h1 class=\"content-box-heading fusion-responsive-typography-calculated\" style=\"--h1_typography-font-size:26px;--fontSize:26;line-height:1;\">Recomenda\u00e7\u00e3o 10 | Quando doente, d\u00ea os alimentos preferidos por um tempo<\/h1><\/div><div class=\"fusion-clearfix\"><\/div><div class=\"content-container\">\n<p>Estimular a crian\u00e7a doente e convalescente a se alimentar, oferecendo sua alimenta\u00e7\u00e3o\u00a0habitual e seus alimentos preferidos, respeitando a sua aceita\u00e7\u00e3o.<\/p>\n<\/div><div class=\"content-box-shortcode-timeline-vertical\" style=\"border-color:#e7e7e7;left:74px;top:59px;-webkit-transition-duration: 350ms;animation-duration: 350ms;\"><\/div><\/div><\/div><div class=\"fusion-clearfix\"><\/div><\/div><div class=\"fusion-clearfix\"><\/div><\/div><\/div><\/div><\/div>\n","protected":false},"excerpt":{"rendered":"","protected":false},"author":1,"featured_media":0,"parent":0,"menu_order":0,"comment_status":"closed","ping_status":"closed","template":"","meta":{"om_disable_all_campaigns":false,"_monsterinsights_skip_tracking":false,"_monsterinsights_sitenote_active":false,"_monsterinsights_sitenote_note":"","_monsterinsights_sitenote_category":0},"aioseo_notices":[],"_links":{"self":[{"href":"https:\/\/casainfancia.com.br\/pediatria\/wp-json\/wp\/v2\/pages\/1143"}],"collection":[{"href":"https:\/\/casainfancia.com.br\/pediatria\/wp-json\/wp\/v2\/pages"}],"about":[{"href":"https:\/\/casainfancia.com.br\/pediatria\/wp-json\/wp\/v2\/types\/page"}],"author":[{"embeddable":true,"href":"https:\/\/casainfancia.com.br\/pediatria\/wp-json\/wp\/v2\/users\/1"}],"replies":[{"embeddable":true,"href":"https:\/\/casainfancia.com.br\/pediatria\/wp-json\/wp\/v2\/comments?post=1143"}],"version-history":[{"count":9,"href":"https:\/\/casainfancia.com.br\/pediatria\/wp-json\/wp\/v2\/pages\/1143\/revisions"}],"predecessor-version":[{"id":57454,"href":"https:\/\/casainfancia.com.br\/pediatria\/wp-json\/wp\/v2\/pages\/1143\/revisions\/57454"}],"wp:attachment":[{"href":"https:\/\/casainfancia.com.br\/pediatria\/wp-json\/wp\/v2\/media?parent=1143"}],"curies":[{"name":"wp","href":"https:\/\/api.w.org\/{rel}","templated":true}]}}